{"id":35,"date":"2021-01-20T16:48:58","date_gmt":"2021-01-20T16:48:58","guid":{"rendered":"http:\/\/imiguelortiz.com\/?page_id=35"},"modified":"2022-04-28T22:24:56","modified_gmt":"2022-04-28T22:24:56","slug":"narrative","status":"publish","type":"page","link":"https:\/\/imiguelortiz.com\/index.php\/narrative\/","title":{"rendered":"Narrative"},"content":{"rendered":"\n<div style=\"height:40px\" aria-hidden=\"true\" class=\"wp-block-spacer\"><\/div>\n\n\n\n<h4 class=\"has-text-align-center\"><em><span style=\"color:#a1acb1\" class=\"has-inline-color\">\u00abLiving All of Life\u00bb <\/span><\/em><\/h4>\n\n\n\n<div class=\"wp-container-2 wp-block-group\"><div class=\"wp-block-group__inner-container\">\n<div class=\"wp-block-columns\">\n<div class=\"wp-block-column\" style=\"flex-basis:100%\">\n<div class=\"wp-container-1 wp-block-group\"><div class=\"wp-block-group__inner-container\">\n<div class=\"wp-block-responsive-lightbox-gallery\"><div class=\"rl-gallery-container rl-loading\" id=\"rl-gallery-container-1\" data-gallery_id=\"302\"> <div class=\"rl-gallery rl-basicgrid-gallery rl-hover-effect-1 rl-hover-icon-10\" id=\"rl-gallery-1\" data-gallery_no=\"1\"> <div class=\"rl-gallery-item\"><a href=\"https:\/\/imiguelortiz.com\/wp-content\/uploads\/2021\/05\/Vivir-toda-la-vida.00_00_34_14.Imagen-fija003.jpg\" title=\"Vivir toda la vida \/ Living All of Life\" data-rl_title=\"Vivir toda la vida \/ Living All of Life\" class=\"rl-gallery-link\" data-rl_caption=\"\" data-rel=\"lightbox-gallery-1\"><img src=\"https:\/\/imiguelortiz.com\/wp-content\/uploads\/2021\/05\/Vivir-toda-la-vida.00_00_34_14.Imagen-fija003-300x169.jpg\" width=\"300\" height=\"169\" \/><\/a><\/div><div class=\"rl-gallery-item\"><a href=\"https:\/\/imiguelortiz.com\/wp-content\/uploads\/2021\/05\/Vivir-toda-la-vida.00_07_13_17.Imagen-fija007.jpg\" title=\"Vivir toda la vida \/ Living All of Life\" data-rl_title=\"Vivir toda la vida \/ Living All of Life\" class=\"rl-gallery-link\" data-rl_caption=\"\" data-rel=\"lightbox-gallery-1\"><img src=\"https:\/\/imiguelortiz.com\/wp-content\/uploads\/2021\/05\/Vivir-toda-la-vida.00_07_13_17.Imagen-fija007-300x169.jpg\" width=\"300\" height=\"169\" \/><\/a><\/div><div class=\"rl-gallery-item\"><a href=\"https:\/\/imiguelortiz.com\/wp-content\/uploads\/2021\/05\/Vivir-toda-la-vida.00_15_30_13.Imagen-fija025.jpg\" title=\"Vivir toda la vida \/ Living All of Life\" data-rl_title=\"Vivir toda la vida \/ Living All of Life\" class=\"rl-gallery-link\" data-rl_caption=\"\" data-rel=\"lightbox-gallery-1\"><img src=\"https:\/\/imiguelortiz.com\/wp-content\/uploads\/2021\/05\/Vivir-toda-la-vida.00_15_30_13.Imagen-fija025-300x169.jpg\" width=\"300\" height=\"169\" \/><\/a><\/div><div class=\"rl-gallery-item\"><a href=\"https:\/\/imiguelortiz.com\/wp-content\/uploads\/2021\/05\/Vivir-toda-la-vida.00_34_29_17.Imagen-fija052.jpg\" title=\"Vivir toda la vida \/ Living All of Life\" data-rl_title=\"Vivir toda la vida \/ Living All of Life\" class=\"rl-gallery-link\" data-rl_caption=\"\" data-rel=\"lightbox-gallery-1\"><img src=\"https:\/\/imiguelortiz.com\/wp-content\/uploads\/2021\/05\/Vivir-toda-la-vida.00_34_29_17.Imagen-fija052-300x169.jpg\" width=\"300\" height=\"169\" \/><\/a><\/div><div class=\"rl-gallery-item\"><a href=\"https:\/\/imiguelortiz.com\/wp-content\/uploads\/2021\/05\/Vivir-toda-la-vida.00_33_14_21.Imagen-fija048.jpg\" title=\"Vivir toda la vida \/ Living All of Life\" data-rl_title=\"Vivir toda la vida \/ Living All of Life\" class=\"rl-gallery-link\" data-rl_caption=\"\" data-rel=\"lightbox-gallery-1\"><img src=\"https:\/\/imiguelortiz.com\/wp-content\/uploads\/2021\/05\/Vivir-toda-la-vida.00_33_14_21.Imagen-fija048-300x169.jpg\" width=\"300\" height=\"169\" \/><\/a><\/div><div class=\"rl-gallery-item\"><a href=\"https:\/\/imiguelortiz.com\/wp-content\/uploads\/2021\/05\/Vivir-toda-la-vida.00_35_39_14.Imagen-fija055.jpg\" title=\"Vivir toda la vida \/ Living All of Life\" data-rl_title=\"Vivir toda la vida \/ Living All of Life\" class=\"rl-gallery-link\" data-rl_caption=\"\" data-rel=\"lightbox-gallery-1\"><img src=\"https:\/\/imiguelortiz.com\/wp-content\/uploads\/2021\/05\/Vivir-toda-la-vida.00_35_39_14.Imagen-fija055-300x169.jpg\" width=\"300\" height=\"169\" \/><\/a><\/div> <\/div> <\/div><\/div>\n<\/div><\/div>\n<\/div>\n<\/div>\n<\/div><\/div>\n\n\n\n<figure class=\"wp-block-embed is-type-video is-provider-vimeo wp-block-embed-vimeo wp-embed-aspect-16-9 wp-has-aspect-ratio\"><div class=\"wp-block-embed__wrapper\">\n<iframe loading=\"lazy\" src=\"https:\/\/player.vimeo.com\/video\/549545340?h=9096ef8bb1&amp;dnt=1&amp;app_id=122963\" width=\"920\" height=\"518\" frameborder=\"0\" allow=\"autoplay; fullscreen; picture-in-picture\" allowfullscreen><\/iframe>\n<\/div><figcaption><em>Living all of Life <\/em><br><em>Director: Marl\u00e9n R\u00edos<\/em><br><em>Producer: Eduardo Vasconcelos<\/em><br><em>Producer Company: Centro de Capacitaci\u00f3n Cinematogr\u00e1fic<\/em>a<br><strong>Best cinematography Nominated. Pantalla de Cristal Awards<\/strong><\/figcaption><\/figure>\n\n\n\n<div class=\"wp-container-4 wp-block-group\"><div class=\"wp-block-group__inner-container\">\n<div class=\"wp-container-3 wp-block-group\"><div class=\"wp-block-group__inner-container\"><\/div><\/div>\n<\/div><\/div>\n\n\n\n<div class=\"wp-container-5 wp-block-group\"><div class=\"wp-block-group__inner-container\">\n<div class=\"wp-block-columns\">\n<div class=\"wp-block-column\" style=\"flex-basis:100%\"><\/div>\n<\/div>\n\n\n\n<p><\/p>\n<\/div><\/div>\n\n\n\n<div style=\"height:40px\" aria-hidden=\"true\" class=\"wp-block-spacer\"><\/div>\n\n\n\n<h4 class=\"has-text-align-center\"><em><span style=\"color:#a1acb1\" class=\"has-inline-color\">\u00abSunsets\u00bb<\/span><\/em><\/h4>\n\n\n\n<div class=\"wp-block-responsive-lightbox-gallery\"><div class=\"rl-gallery-container rl-loading\" id=\"rl-gallery-container-2\" data-gallery_id=\"324\"> <div class=\"rl-gallery rl-basicgrid-gallery rl-hover-effect-1 rl-hover-icon-10\" id=\"rl-gallery-2\" data-gallery_no=\"2\"> <div class=\"rl-gallery-item\"><a href=\"https:\/\/imiguelortiz.com\/wp-content\/uploads\/2021\/08\/Ata1.png\" title=\"Atardeceres \/ Sunsets\" data-rl_title=\"Atardeceres \/ Sunsets\" class=\"rl-gallery-link\" data-rl_caption=\"\" data-rel=\"lightbox-gallery-2\"><img src=\"https:\/\/imiguelortiz.com\/wp-content\/uploads\/2021\/08\/Ata1-300x188.png\" width=\"300\" height=\"188\" \/><\/a><\/div><div class=\"rl-gallery-item\"><a href=\"https:\/\/imiguelortiz.com\/wp-content\/uploads\/2021\/08\/Ata3.png\" title=\"Atardeceres \/ Sunsets\" data-rl_title=\"Atardeceres \/ Sunsets\" class=\"rl-gallery-link\" data-rl_caption=\"\" data-rel=\"lightbox-gallery-2\"><img src=\"https:\/\/imiguelortiz.com\/wp-content\/uploads\/2021\/08\/Ata3-300x188.png\" width=\"300\" height=\"188\" \/><\/a><\/div><div class=\"rl-gallery-item\"><a href=\"https:\/\/imiguelortiz.com\/wp-content\/uploads\/2021\/08\/Ata9.png\" title=\"Atardeceres \/ Sunsets\" data-rl_title=\"Atardeceres \/ Sunsets\" class=\"rl-gallery-link\" data-rl_caption=\"\" data-rel=\"lightbox-gallery-2\"><img src=\"https:\/\/imiguelortiz.com\/wp-content\/uploads\/2021\/08\/Ata9-300x188.png\" width=\"300\" height=\"188\" \/><\/a><\/div><div class=\"rl-gallery-item\"><a href=\"https:\/\/imiguelortiz.com\/wp-content\/uploads\/2021\/08\/Ata6.png\" title=\"Atardeceres \/ Sunsets\" data-rl_title=\"Atardeceres \/ Sunsets\" class=\"rl-gallery-link\" data-rl_caption=\"\" data-rel=\"lightbox-gallery-2\"><img src=\"https:\/\/imiguelortiz.com\/wp-content\/uploads\/2021\/08\/Ata6-300x188.png\" width=\"300\" height=\"188\" \/><\/a><\/div><div class=\"rl-gallery-item\"><a href=\"https:\/\/imiguelortiz.com\/wp-content\/uploads\/2021\/08\/Ata5.png\" title=\"Atardeceres \/ Sunsets\" data-rl_title=\"Atardeceres \/ Sunsets\" class=\"rl-gallery-link\" data-rl_caption=\"\" data-rel=\"lightbox-gallery-2\"><img src=\"https:\/\/imiguelortiz.com\/wp-content\/uploads\/2021\/08\/Ata5-300x188.png\" width=\"300\" height=\"188\" \/><\/a><\/div><div class=\"rl-gallery-item\"><a href=\"https:\/\/imiguelortiz.com\/wp-content\/uploads\/2021\/08\/Ata4.png\" title=\"Atardeceres \/ Sunsets\" data-rl_title=\"Atardeceres \/ Sunsets\" class=\"rl-gallery-link\" data-rl_caption=\"\" data-rel=\"lightbox-gallery-2\"><img src=\"https:\/\/imiguelortiz.com\/wp-content\/uploads\/2021\/08\/Ata4-300x188.png\" width=\"300\" height=\"188\" \/><\/a><\/div> <\/div> <\/div><\/div>\n\n\n\n<div class=\"wp-container-6 wp-block-group\"><div class=\"wp-block-group__inner-container\">\n<p><\/p>\n<\/div><\/div>\n\n\n\n<figure class=\"wp-block-embed is-type-video is-provider-vimeo wp-block-embed-vimeo wp-embed-aspect-16-9 wp-has-aspect-ratio\"><div class=\"wp-block-embed__wrapper\">\n<iframe loading=\"lazy\" src=\"https:\/\/player.vimeo.com\/video\/669063835?h=a8fbcf3298&amp;dnt=1&amp;app_id=122963\" width=\"920\" height=\"518\" frameborder=\"0\" allow=\"autoplay; fullscreen; picture-in-picture\" allowfullscreen><\/iframe>\n<\/div><figcaption><meta charset=\"utf-8\"><em>Sunsets <\/em><br><em>Director: David Flores Mendieta<\/em><br><em>Producer: David Flores Mendieta<\/em><br><em>Producer Company: Cine Bandada<\/em><br><strong>WORK IN PROGRESS<\/strong><\/figcaption><\/figure>\n\n\n\n<div style=\"height:40px\" aria-hidden=\"true\" class=\"wp-block-spacer\"><\/div>\n\n\n\n<h4 class=\"has-text-align-center\"><em><span style=\"color:#a1acb1\" class=\"has-inline-color\">\u00abMountain Dust\u00bb <\/span><\/em><\/h4>\n\n\n\n<div class=\"wp-block-responsive-lightbox-gallery\"><div class=\"rl-gallery-container rl-loading\" id=\"rl-gallery-container-3\" data-gallery_id=\"297\"> <div class=\"rl-gallery rl-basicgrid-gallery rl-hover-effect-1 rl-hover-icon-10\" id=\"rl-gallery-3\" data-gallery_no=\"3\"> <div class=\"rl-gallery-item\"><a href=\"https:\/\/imiguelortiz.com\/wp-content\/uploads\/2022\/01\/PDM_9.png\" title=\"Polvo de Monta\u00f1a \/ Mountain Dust\" data-rl_title=\"Polvo de Monta\u00f1a \/ Mountain Dust\" class=\"rl-gallery-link\" data-rl_caption=\"\" data-rel=\"lightbox-gallery-3\"><img src=\"https:\/\/imiguelortiz.com\/wp-content\/uploads\/2022\/01\/PDM_9-768x480.png\" width=\"768\" height=\"480\" \/><\/a><\/div><div class=\"rl-gallery-item\"><a href=\"https:\/\/imiguelortiz.com\/wp-content\/uploads\/2022\/01\/PDM_3.png\" title=\"Polvo de Monta\u00f1a \/ Mountain Dust\" data-rl_title=\"Polvo de Monta\u00f1a \/ Mountain Dust\" class=\"rl-gallery-link\" data-rl_caption=\"\" data-rel=\"lightbox-gallery-3\"><img src=\"https:\/\/imiguelortiz.com\/wp-content\/uploads\/2022\/01\/PDM_3-768x480.png\" width=\"768\" height=\"480\" \/><\/a><\/div><div class=\"rl-gallery-item\"><a href=\"https:\/\/imiguelortiz.com\/wp-content\/uploads\/2022\/01\/PDM_7.png\" title=\"Polvo de Monta\u00f1a \/ Mountain Dust\" data-rl_title=\"Polvo de Monta\u00f1a \/ Mountain Dust\" class=\"rl-gallery-link\" data-rl_caption=\"\" data-rel=\"lightbox-gallery-3\"><img src=\"https:\/\/imiguelortiz.com\/wp-content\/uploads\/2022\/01\/PDM_7-768x480.png\" width=\"768\" height=\"480\" \/><\/a><\/div><div class=\"rl-gallery-item\"><a href=\"https:\/\/imiguelortiz.com\/wp-content\/uploads\/2022\/01\/PDM_2.png\" title=\"Polvo de Monta\u00f1a \/ Mountain Dust\" data-rl_title=\"Polvo de Monta\u00f1a \/ Mountain Dust\" class=\"rl-gallery-link\" data-rl_caption=\"\" data-rel=\"lightbox-gallery-3\"><img src=\"https:\/\/imiguelortiz.com\/wp-content\/uploads\/2022\/01\/PDM_2-768x480.png\" width=\"768\" height=\"480\" \/><\/a><\/div><div class=\"rl-gallery-item\"><a href=\"https:\/\/imiguelortiz.com\/wp-content\/uploads\/2022\/01\/PDM_4.png\" title=\"Polvo de Monta\u00f1a \/ Mountain Dust\" data-rl_title=\"Polvo de Monta\u00f1a \/ Mountain Dust\" class=\"rl-gallery-link\" data-rl_caption=\"\" data-rel=\"lightbox-gallery-3\"><img src=\"https:\/\/imiguelortiz.com\/wp-content\/uploads\/2022\/01\/PDM_4-768x480.png\" width=\"768\" height=\"480\" \/><\/a><\/div><div class=\"rl-gallery-item\"><a href=\"https:\/\/imiguelortiz.com\/wp-content\/uploads\/2022\/01\/PDM_5.png\" title=\"Polvo de Monta\u00f1a \/ Mountain Dust\" data-rl_title=\"Polvo de Monta\u00f1a \/ Mountain Dust\" class=\"rl-gallery-link\" data-rl_caption=\"\" data-rel=\"lightbox-gallery-3\"><img src=\"https:\/\/imiguelortiz.com\/wp-content\/uploads\/2022\/01\/PDM_5-768x480.png\" width=\"768\" height=\"480\" \/><\/a><\/div> <\/div> <\/div><\/div>\n\n\n\n<figure class=\"wp-block-embed is-type-video is-provider-vimeo wp-block-embed-vimeo wp-embed-aspect-16-9 wp-has-aspect-ratio\"><div class=\"wp-block-embed__wrapper\">\n<iframe loading=\"lazy\" src=\"https:\/\/player.vimeo.com\/video\/668412513?h=d4300a9837&amp;dnt=1&amp;app_id=122963\" width=\"920\" height=\"518\" frameborder=\"0\" allow=\"autoplay; fullscreen; picture-in-picture\" allowfullscreen><\/iframe>\n<\/div><figcaption><em><strong>Mountain Dust<\/strong><\/em><br><em>Director: Marl\u00e9n R\u00edos<\/em> Farjat<br><em>Producer:  Oscar Yibrand<\/em><br><em>Producer Company:  Secretar\u00eda de Cultura, Centro de Capacitaci\u00f3n Cinematogr\u00e1fica<\/em><\/figcaption><\/figure>\n\n\n\n<div style=\"height:40px\" aria-hidden=\"true\" class=\"wp-block-spacer\"><\/div>\n\n\n\n<h4 class=\"has-text-align-center\"><em><span style=\"color:#a1acb1\" class=\"has-inline-color\">\u00abTaciturn\u00bb <\/span><\/em><\/h4>\n\n\n\n<div class=\"wp-block-responsive-lightbox-gallery\"><div class=\"rl-gallery-container rl-loading\" id=\"rl-gallery-container-4\" data-gallery_id=\"312\"> <div class=\"rl-gallery rl-basicgrid-gallery rl-hover-effect-1 rl-hover-icon-10\" id=\"rl-gallery-4\" data-gallery_no=\"4\"> <div class=\"rl-gallery-item\"><a href=\"https:\/\/imiguelortiz.com\/wp-content\/uploads\/2022\/01\/TAC_2.png\" title=\"Taciturno \/ Taciturn\" data-rl_title=\"Taciturno \/ Taciturn\" class=\"rl-gallery-link\" data-rl_caption=\"\" data-rel=\"lightbox-gallery-4\"><img src=\"https:\/\/imiguelortiz.com\/wp-content\/uploads\/2022\/01\/TAC_2-768x480.png\" width=\"768\" height=\"480\" \/><\/a><\/div><div class=\"rl-gallery-item\"><a href=\"https:\/\/imiguelortiz.com\/wp-content\/uploads\/2022\/01\/TAC_3.png\" title=\"Taciturno \/ Taciturn\" data-rl_title=\"Taciturno \/ Taciturn\" class=\"rl-gallery-link\" data-rl_caption=\"\" data-rel=\"lightbox-gallery-4\"><img src=\"https:\/\/imiguelortiz.com\/wp-content\/uploads\/2022\/01\/TAC_3-768x480.png\" width=\"768\" height=\"480\" \/><\/a><\/div><div class=\"rl-gallery-item\"><a href=\"https:\/\/imiguelortiz.com\/wp-content\/uploads\/2022\/01\/TAC_5.png\" title=\"Taciturno \/ Taciturn\" data-rl_title=\"Taciturno \/ Taciturn\" class=\"rl-gallery-link\" data-rl_caption=\"\" data-rel=\"lightbox-gallery-4\"><img src=\"https:\/\/imiguelortiz.com\/wp-content\/uploads\/2022\/01\/TAC_5-768x480.png\" width=\"768\" height=\"480\" \/><\/a><\/div><div class=\"rl-gallery-item\"><a href=\"https:\/\/imiguelortiz.com\/wp-content\/uploads\/2022\/01\/TAC_1.png\" title=\"Taciturno \/ Taciturn\" data-rl_title=\"Taciturno \/ Taciturn\" class=\"rl-gallery-link\" data-rl_caption=\"\" data-rel=\"lightbox-gallery-4\"><img src=\"https:\/\/imiguelortiz.com\/wp-content\/uploads\/2022\/01\/TAC_1-768x480.png\" width=\"768\" height=\"480\" \/><\/a><\/div><div class=\"rl-gallery-item\"><a href=\"https:\/\/imiguelortiz.com\/wp-content\/uploads\/2022\/01\/TAC_4.png\" title=\"Taciturno \/ Taciturn\" data-rl_title=\"Taciturno \/ Taciturn\" class=\"rl-gallery-link\" data-rl_caption=\"\" data-rel=\"lightbox-gallery-4\"><img src=\"https:\/\/imiguelortiz.com\/wp-content\/uploads\/2022\/01\/TAC_4-768x480.png\" width=\"768\" height=\"480\" \/><\/a><\/div><div class=\"rl-gallery-item\"><a href=\"https:\/\/imiguelortiz.com\/wp-content\/uploads\/2022\/01\/TAC_6.png\" title=\"Taciturno \/ Taciturn\" data-rl_title=\"Taciturno \/ Taciturn\" class=\"rl-gallery-link\" data-rl_caption=\"\" data-rel=\"lightbox-gallery-4\"><img src=\"https:\/\/imiguelortiz.com\/wp-content\/uploads\/2022\/01\/TAC_6-768x480.png\" width=\"768\" height=\"480\" \/><\/a><\/div> <\/div> <\/div><\/div>\n\n\n\n<figure class=\"wp-block-embed is-type-video is-provider-vimeo wp-block-embed-vimeo wp-embed-aspect-16-9 wp-has-aspect-ratio\"><div class=\"wp-block-embed__wrapper\">\n<iframe loading=\"lazy\" src=\"https:\/\/player.vimeo.com\/video\/668481683?h=e6ac70b5b1&amp;dnt=1&amp;app_id=122963\" width=\"920\" height=\"518\" frameborder=\"0\" allow=\"autoplay; fullscreen; picture-in-picture\" allowfullscreen><\/iframe>\n<\/div><figcaption><em>Taciturn <\/em><br><em>Director: Alonso Quintero<\/em><br><em>Producer: Alberto Rea \/ Lenin Gonz\u00e1lez<\/em><br><em>Producer Company: Alonso Quintero Picture \/ NYA LA<\/em><br><\/figcaption><\/figure>\n\n\n\n<div style=\"height:40px\" aria-hidden=\"true\" class=\"wp-block-spacer\"><\/div>\n\n\n\n<h4 class=\"has-text-align-center\"><em><span style=\"color:#a1acb1\" class=\"has-inline-color\">\u00abRosario\u00bb <\/span><\/em><\/h4>\n\n\n\n<figure class=\"wp-block-embed is-type-video is-provider-vimeo wp-block-embed-vimeo wp-embed-aspect-16-9 wp-has-aspect-ratio\"><div class=\"wp-block-embed__wrapper\">\n<iframe loading=\"lazy\" src=\"https:\/\/player.vimeo.com\/video\/549572710?h=1840ebfa1d&amp;dnt=1&amp;app_id=122963\" width=\"920\" height=\"518\" frameborder=\"0\" allow=\"autoplay; fullscreen; picture-in-picture\" allowfullscreen><\/iframe>\n<\/div><figcaption><em><strong><span class=\"has-inline-color has-light-gray-color\">Rosario &#8211; Trailer<\/span><\/strong><\/em><br><em>Director: Marl\u00e9n R\u00edos<\/em><br>P<em>roducer company: Centro de Capacitaci\u00f3n Cinematogr\u00e1fica<\/em><br><strong>Link short film:<\/strong> <a rel=\"noreferrer noopener\" href=\"https:\/\/www.youtube.com\/watch?v=oxiXcRh565A\" data-rel=\"lightbox-video-0\" target=\"_blank\">https:\/\/www.youtube.com\/watch?v=oxiXcRh565A<\/a><br><\/figcaption><\/figure>\n\n\n\n<h4 class=\"has-text-align-center\"><em><span style=\"color:#a1acb1\" class=\"has-inline-color\">\u00abGoodbye GrandPa\u00bb <\/span><\/em><\/h4>\n\n\n\n<figure class=\"wp-block-embed is-type-video is-provider-vimeo wp-block-embed-vimeo wp-embed-aspect-16-9 wp-has-aspect-ratio\"><div class=\"wp-block-embed__wrapper\">\n<iframe loading=\"lazy\" src=\"https:\/\/player.vimeo.com\/video\/549574275?h=3781bf6815&amp;dnt=1&amp;app_id=122963\" width=\"920\" height=\"518\" frameborder=\"0\" allow=\"autoplay; fullscreen; picture-in-picture\" allowfullscreen><\/iframe>\n<\/div><figcaption><em><strong><span class=\"has-inline-color has-light-gray-color\">Goodbye Grandpa- Trailer<\/span><\/strong><\/em><br><em>Director: Emiliano Casanova<\/em><br>Producer: Alfonso \u00c1vila<br>P<em>roducer company: Centro de Capacitaci\u00f3n Cinematogr\u00e1fica<\/em><\/figcaption><\/figure>\n\n\n\n<p><\/p>\n","protected":false},"excerpt":{"rendered":"<p>\u00abLiving All of Life\u00bb \u00abSunsets\u00bb \u00abMountain Dust\u00bb \u00abTaciturn\u00bb \u00abRosario\u00bb \u00abGoodbye GrandPa\u00bb<\/p>\n","protected":false},"author":1,"featured_media":0,"parent":0,"menu_order":0,"comment_status":"closed","ping_status":"closed","template":"","meta":[],"_links":{"self":[{"href":"https:\/\/imiguelortiz.com\/index.php\/wp-json\/wp\/v2\/pages\/35"}],"collection":[{"href":"https:\/\/imiguelortiz.com\/index.php\/wp-json\/wp\/v2\/pages"}],"about":[{"href":"https:\/\/imiguelortiz.com\/index.php\/wp-json\/wp\/v2\/types\/page"}],"author":[{"embeddable":true,"href":"https:\/\/imiguelortiz.com\/index.php\/wp-json\/wp\/v2\/users\/1"}],"replies":[{"embeddable":true,"href":"https:\/\/imiguelortiz.com\/index.php\/wp-json\/wp\/v2\/comments?post=35"}],"version-history":[{"count":57,"href":"https:\/\/imiguelortiz.com\/index.php\/wp-json\/wp\/v2\/pages\/35\/revisions"}],"predecessor-version":[{"id":438,"href":"https:\/\/imiguelortiz.com\/index.php\/wp-json\/wp\/v2\/pages\/35\/revisions\/438"}],"wp:attachment":[{"href":"https:\/\/imiguelortiz.com\/index.php\/wp-json\/wp\/v2\/media?parent=35"}],"curies":[{"name":"wp","href":"https:\/\/api.w.org\/{rel}","templated":true}]}}