{"id":28,"date":"2021-01-20T08:24:58","date_gmt":"2021-01-20T08:24:58","guid":{"rendered":"http:\/\/imiguelortiz.com\/?page_id=28"},"modified":"2022-01-22T21:04:05","modified_gmt":"2022-01-22T21:04:05","slug":"documentary","status":"publish","type":"page","link":"https:\/\/imiguelortiz.com\/index.php\/documentary\/","title":{"rendered":"Documentary"},"content":{"rendered":"\n<div style=\"height:10px\" aria-hidden=\"true\" class=\"wp-block-spacer\"><\/div>\n\n\n\n<h4 class=\"has-text-align-center\"><em><span style=\"color:#a1acb1\" class=\"has-inline-color\">The Struggle Continues<\/span><\/em><\/h4>\n\n\n\n<figure class=\"wp-block-embed is-type-video is-provider-vimeo wp-block-embed-vimeo wp-embed-aspect-16-9 wp-has-aspect-ratio\"><div class=\"wp-block-embed__wrapper\">\n<iframe loading=\"lazy\" src=\"https:\/\/player.vimeo.com\/video\/549510567?h=614ee9bd50&amp;dnt=1&amp;app_id=122963\" width=\"920\" height=\"518\" frameborder=\"0\" allow=\"autoplay; fullscreen; picture-in-picture\" allowfullscreen><\/iframe>\n<\/div><\/figure>\n\n\n\n<figure class=\"wp-block-embed is-type-video is-provider-vimeo wp-block-embed-vimeo wp-embed-aspect-16-9 wp-has-aspect-ratio\"><div class=\"wp-block-embed__wrapper\">\n<iframe loading=\"lazy\" src=\"https:\/\/player.vimeo.com\/video\/548147931?h=d2eb59195c&amp;dnt=1&amp;app_id=122963\" width=\"920\" height=\"518\" frameborder=\"0\" allow=\"autoplay; fullscreen; picture-in-picture\" allowfullscreen><\/iframe>\n<\/div><figcaption><meta charset=\"utf-8\"><em>The Struggle Continues<\/em><br><em>Director: Sam Vinal. <\/em><br><em>Producer: Melissa Cox<\/em><br><em>2nd unit Cinematographer: Melissa Cox<\/em><br><em>Producer company: Mutual Aid Media<\/em><br><em><a href=\"http:\/\/www.mutualaidmedia.com\">www.mutualaidmedia.com<\/a><\/em><\/figcaption><\/figure>\n\n\n\n<div style=\"height:45px\" aria-hidden=\"true\" class=\"wp-block-spacer\"><\/div>\n\n\n\n<h4 class=\"has-text-align-center\"><em><span style=\"color:#a1acb1\" class=\"has-inline-color\">The Beginning of life 2: Outside<\/span><\/em><\/h4>\n\n\n\n<div class=\"wp-block-responsive-lightbox-gallery\"><div class=\"rl-gallery-container rl-loading\" id=\"rl-gallery-container-1\" data-gallery_id=\"377\"> <div class=\"rl-gallery rl-basicgrid-gallery rl-hover-effect-1 rl-hover-icon-10\" id=\"rl-gallery-1\" data-gallery_no=\"1\"> <div class=\"rl-gallery-item\"><a href=\"https:\/\/imiguelortiz.com\/wp-content\/uploads\/2022\/01\/BOL2_3.png\" title=\"El comienzo de la vida 2 \/ The Beginning of Life 2\" data-rl_title=\"El comienzo de la vida 2 \/ The Beginning of Life 2\" class=\"rl-gallery-link\" data-rl_caption=\"\" data-rel=\"lightbox-gallery-1\"><img src=\"https:\/\/imiguelortiz.com\/wp-content\/uploads\/2022\/01\/BOL2_3-768x480.png\" width=\"768\" height=\"480\" \/><\/a><\/div><div class=\"rl-gallery-item\"><a href=\"https:\/\/imiguelortiz.com\/wp-content\/uploads\/2022\/01\/BOL2_4.png\" title=\"El comienzo de la vida 2 \/ The Beginning of Life 2\" data-rl_title=\"El comienzo de la vida 2 \/ The Beginning of Life 2\" class=\"rl-gallery-link\" data-rl_caption=\"\" data-rel=\"lightbox-gallery-1\"><img src=\"https:\/\/imiguelortiz.com\/wp-content\/uploads\/2022\/01\/BOL2_4-768x480.png\" width=\"768\" height=\"480\" \/><\/a><\/div><div class=\"rl-gallery-item\"><a href=\"https:\/\/imiguelortiz.com\/wp-content\/uploads\/2022\/01\/BOL2_1.png\" title=\"El comienzo de la vida 2 \/ The Beginning of Life 2\" data-rl_title=\"El comienzo de la vida 2 \/ The Beginning of Life 2\" class=\"rl-gallery-link\" data-rl_caption=\"\" data-rel=\"lightbox-gallery-1\"><img src=\"https:\/\/imiguelortiz.com\/wp-content\/uploads\/2022\/01\/BOL2_1-768x480.png\" width=\"768\" height=\"480\" \/><\/a><\/div> <\/div> <\/div><\/div>\n\n\n\n<figure class=\"wp-block-embed is-type-video is-provider-vimeo wp-block-embed-vimeo wp-embed-aspect-16-9 wp-has-aspect-ratio\"><div class=\"wp-block-embed__wrapper\">\n<iframe loading=\"lazy\" src=\"https:\/\/player.vimeo.com\/video\/550064893?h=955af20a93&amp;dnt=1&amp;app_id=122963\" width=\"920\" height=\"518\" frameborder=\"0\" allow=\"autoplay; fullscreen; picture-in-picture\" allowfullscreen><\/iframe>\n<\/div><figcaption><em><meta charset=\"utf-8\">The Beginning of life 2 &#8211; Outside<br><\/em>Low Quality Abstract<br><em><strong>Director of Photography M\u00e9xico Unit <\/strong><br>Director: Renata Terra  <br><em>Producer company: Mar\u00eda Farinha Films<\/em><br><a href=\"https:\/\/elcomienzodelavida2.com\">https:\/\/elcomienzodelavida2.com<\/a><\/em><br>Trailer <a rel=\"noreferrer noopener\" href=\"https:\/\/www.youtube.com\/watch?v=m-bFb8i1Ks0&amp;ab_channel=MariaFarinhaFilmes\" data-rel=\"lightbox-video-0\" target=\"_blank\">here<\/a><\/figcaption><\/figure>\n\n\n\n<div style=\"height:45px\" aria-hidden=\"true\" class=\"wp-block-spacer\"><\/div>\n\n\n\n<h4 class=\"has-text-align-center\"><em><span style=\"color:#a1acb1\" class=\"has-inline-color\">Cambujo<\/span><\/em><\/h4>\n\n\n\n<p><\/p>\n\n\n\n<div class=\"wp-block-responsive-lightbox-gallery\"><div class=\"rl-gallery-container rl-loading\" id=\"rl-gallery-container-2\" data-gallery_id=\"386\"> <div class=\"rl-gallery rl-basicgrid-gallery rl-hover-effect-1 rl-hover-icon-10\" id=\"rl-gallery-2\" data-gallery_no=\"2\"> <div class=\"rl-gallery-item\"><a href=\"https:\/\/imiguelortiz.com\/wp-content\/uploads\/2022\/01\/Cambujo2_5.png\" title=\"Cambujo\" data-rl_title=\"Cambujo\" class=\"rl-gallery-link\" data-rl_caption=\"\" data-rel=\"lightbox-gallery-2\"><img src=\"https:\/\/imiguelortiz.com\/wp-content\/uploads\/2022\/01\/Cambujo2_5-768x480.png\" width=\"768\" height=\"480\" \/><\/a><\/div><div class=\"rl-gallery-item\"><a href=\"https:\/\/imiguelortiz.com\/wp-content\/uploads\/2022\/01\/Cambujo2_2.png\" title=\"Cambujo\" data-rl_title=\"Cambujo\" class=\"rl-gallery-link\" data-rl_caption=\"\" data-rel=\"lightbox-gallery-2\"><img src=\"https:\/\/imiguelortiz.com\/wp-content\/uploads\/2022\/01\/Cambujo2_2-768x480.png\" width=\"768\" height=\"480\" \/><\/a><\/div><div class=\"rl-gallery-item\"><a href=\"https:\/\/imiguelortiz.com\/wp-content\/uploads\/2021\/08\/CAMBUJO2.png\" title=\"Cambujo\" data-rl_title=\"Cambujo\" class=\"rl-gallery-link\" data-rl_caption=\"\" data-rel=\"lightbox-gallery-2\"><img src=\"https:\/\/imiguelortiz.com\/wp-content\/uploads\/2021\/08\/CAMBUJO2-768x480.png\" width=\"768\" height=\"480\" \/><\/a><\/div> <\/div> <\/div><\/div>\n\n\n\n<figure class=\"wp-block-embed is-type-video is-provider-vimeo wp-block-embed-vimeo wp-embed-aspect-16-9 wp-has-aspect-ratio\"><div class=\"wp-block-embed__wrapper\">\n<iframe loading=\"lazy\" src=\"https:\/\/player.vimeo.com\/video\/668798923?h=8ec7d9ef8d&amp;dnt=1&amp;app_id=122963\" width=\"920\" height=\"518\" frameborder=\"0\" allow=\"autoplay; fullscreen; picture-in-picture\" allowfullscreen><\/iframe>\n<\/div><figcaption><meta charset=\"utf-8\"><em>Cambujo<\/em> <br>Director: Omar Gonz\u00e1lez Zamudio<br>Producer: Omar Gonz\u00e1lez Zamudio<br><em>Producer company: Programa Ibermedia\/Acampadoc10<\/em><br>WORK IN PROGRESS<\/figcaption><\/figure>\n\n\n\n<div style=\"height:45px\" aria-hidden=\"true\" class=\"wp-block-spacer\"><\/div>\n\n\n\n<h4 class=\"has-text-align-center\"><em><span style=\"color:#a1acb1\" class=\"has-inline-color\">Lacus<\/span><\/em><\/h4>\n\n\n\n<p><\/p>\n\n\n\n<div class=\"wp-block-responsive-lightbox-gallery\"><div class=\"rl-gallery-container rl-loading\" id=\"rl-gallery-container-3\" data-gallery_id=\"392\"> <div class=\"rl-gallery rl-basicgrid-gallery rl-hover-effect-1 rl-hover-icon-10\" id=\"rl-gallery-3\" data-gallery_no=\"3\"> <div class=\"rl-gallery-item\"><a href=\"https:\/\/imiguelortiz.com\/wp-content\/uploads\/2022\/01\/Lacus_1.png\" title=\"Lacus\" data-rl_title=\"Lacus\" class=\"rl-gallery-link\" data-rl_caption=\"\" data-rel=\"lightbox-gallery-3\"><img src=\"https:\/\/imiguelortiz.com\/wp-content\/uploads\/2022\/01\/Lacus_1-300x188.png\" width=\"300\" height=\"188\" \/><\/a><\/div><div class=\"rl-gallery-item\"><a href=\"https:\/\/imiguelortiz.com\/wp-content\/uploads\/2022\/01\/Lacus_3b.png\" title=\"Lacus\" data-rl_title=\"Lacus\" class=\"rl-gallery-link\" data-rl_caption=\"\" data-rel=\"lightbox-gallery-3\"><img src=\"https:\/\/imiguelortiz.com\/wp-content\/uploads\/2022\/01\/Lacus_3b-300x188.png\" width=\"300\" height=\"188\" \/><\/a><\/div><div class=\"rl-gallery-item\"><a href=\"https:\/\/imiguelortiz.com\/wp-content\/uploads\/2022\/01\/Lacus_2.png\" title=\"Lacus\" data-rl_title=\"Lacus\" class=\"rl-gallery-link\" data-rl_caption=\"\" data-rel=\"lightbox-gallery-3\"><img src=\"https:\/\/imiguelortiz.com\/wp-content\/uploads\/2022\/01\/Lacus_2-300x188.png\" width=\"300\" height=\"188\" \/><\/a><\/div> <\/div> <\/div><\/div>\n\n\n\n<figure class=\"wp-block-embed is-type-video is-provider-vimeo wp-block-embed-vimeo wp-embed-aspect-16-9 wp-has-aspect-ratio\"><div class=\"wp-block-embed__wrapper\">\n<iframe loading=\"lazy\" src=\"https:\/\/player.vimeo.com\/video\/668833142?h=ce277b7c3f&amp;dnt=1&amp;app_id=122963\" width=\"920\" height=\"518\" frameborder=\"0\" allow=\"autoplay; fullscreen; picture-in-picture\" allowfullscreen><\/iframe>\n<\/div><figcaption><meta charset=\"utf-8\"><em>Lacus<\/em><br><strong><em>Director <\/em>and Co Director of Photography<\/strong>: Ignacio Miguel Ortiz<br>Co &#8211; <em>Directors of Photography:  Sergei Ram\u00edrez, Michelle Rosales<\/em><br><em>Producer company: IMAX, Futuro Verde, Centro de Capacitaci\u00f3n Cinematogr\u00e1fica<\/em>,<\/figcaption><\/figure>\n\n\n\n<div style=\"height:45px\" aria-hidden=\"true\" class=\"wp-block-spacer\"><\/div>\n\n\n\n<h4 class=\"has-text-align-center\"><em><span style=\"color:#a1acb1\" class=\"has-inline-color\">With help of Heaven<\/span><\/em><\/h4>\n\n\n\n<figure class=\"wp-block-embed is-type-video is-provider-vimeo wp-block-embed-vimeo wp-embed-aspect-16-9 wp-has-aspect-ratio\"><div class=\"wp-block-embed__wrapper\">\n<iframe loading=\"lazy\" src=\"https:\/\/player.vimeo.com\/video\/485262140?h=ed7279ebd9&amp;dnt=1&amp;app_id=122963\" width=\"920\" height=\"518\" frameborder=\"0\" allow=\"autoplay; fullscreen; picture-in-picture\" allowfullscreen><\/iframe>\n<\/div><figcaption><em>Con ayuda del Cielo<\/em><br><strong><em>Director<\/em> and Director of Photography<\/strong><br><em>Producer company: Centro de Capacitaci\u00f3n Cinematogr\u00e1fica<\/em><br><em><a href=\"http:\/\/www.conayudadelcielofilm.com\">www.conayudadelcielofilm.com<\/a><\/em><\/figcaption><\/figure>\n\n\n\n<figure class=\"wp-block-gallery columns-3 is-cropped\"><ul class=\"blocks-gallery-grid\"><li class=\"blocks-gallery-item\"><figure><img loading=\"lazy\" width=\"1024\" height=\"576\" src=\"https:\/\/imiguelortiz.com\/wp-content\/uploads\/2021\/05\/LBdP_STILL1-1024x576.jpg\" alt=\"\" data-id=\"146\" data-full-url=\"https:\/\/imiguelortiz.com\/wp-content\/uploads\/2021\/05\/LBdP_STILL1.jpg\" data-link=\"https:\/\/imiguelortiz.com\/lbdp_still1\/\" class=\"wp-image-146\" srcset=\"https:\/\/imiguelortiz.com\/wp-content\/uploads\/2021\/05\/LBdP_STILL1-1024x576.jpg 1024w, https:\/\/imiguelortiz.com\/wp-content\/uploads\/2021\/05\/LBdP_STILL1-300x169.jpg 300w, https:\/\/imiguelortiz.com\/wp-content\/uploads\/2021\/05\/LBdP_STILL1-768x432.jpg 768w, https:\/\/imiguelortiz.com\/wp-content\/uploads\/2021\/05\/LBdP_STILL1-1536x864.jpg 1536w, https:\/\/imiguelortiz.com\/wp-content\/uploads\/2021\/05\/LBdP_STILL1.jpg 1920w\" sizes=\"(max-width: 1024px) 100vw, 1024px\" \/><\/figure><\/li><li class=\"blocks-gallery-item\"><figure><img loading=\"lazy\" width=\"1024\" height=\"578\" src=\"https:\/\/imiguelortiz.com\/wp-content\/uploads\/2021\/05\/LBdP_STILL2-1024x578.jpg\" alt=\"\" data-id=\"145\" data-full-url=\"https:\/\/imiguelortiz.com\/wp-content\/uploads\/2021\/05\/LBdP_STILL2.jpg\" data-link=\"https:\/\/imiguelortiz.com\/lbdp_still2\/\" class=\"wp-image-145\" srcset=\"https:\/\/imiguelortiz.com\/wp-content\/uploads\/2021\/05\/LBdP_STILL2-1024x578.jpg 1024w, https:\/\/imiguelortiz.com\/wp-content\/uploads\/2021\/05\/LBdP_STILL2-300x169.jpg 300w, https:\/\/imiguelortiz.com\/wp-content\/uploads\/2021\/05\/LBdP_STILL2-768x434.jpg 768w, https:\/\/imiguelortiz.com\/wp-content\/uploads\/2021\/05\/LBdP_STILL2-1536x867.jpg 1536w, https:\/\/imiguelortiz.com\/wp-content\/uploads\/2021\/05\/LBdP_STILL2.jpg 1913w\" sizes=\"(max-width: 1024px) 100vw, 1024px\" \/><\/figure><\/li><li class=\"blocks-gallery-item\"><figure><img loading=\"lazy\" width=\"1024\" height=\"576\" src=\"https:\/\/imiguelortiz.com\/wp-content\/uploads\/2021\/05\/LBdP_STILL3-1024x576.jpg\" alt=\"\" data-id=\"144\" data-full-url=\"https:\/\/imiguelortiz.com\/wp-content\/uploads\/2021\/05\/LBdP_STILL3.jpg\" data-link=\"https:\/\/imiguelortiz.com\/lbdp_still3\/\" class=\"wp-image-144\" srcset=\"https:\/\/imiguelortiz.com\/wp-content\/uploads\/2021\/05\/LBdP_STILL3-1024x576.jpg 1024w, https:\/\/imiguelortiz.com\/wp-content\/uploads\/2021\/05\/LBdP_STILL3-300x169.jpg 300w, https:\/\/imiguelortiz.com\/wp-content\/uploads\/2021\/05\/LBdP_STILL3-768x432.jpg 768w, https:\/\/imiguelortiz.com\/wp-content\/uploads\/2021\/05\/LBdP_STILL3-1536x864.jpg 1536w, https:\/\/imiguelortiz.com\/wp-content\/uploads\/2021\/05\/LBdP_STILL3.jpg 1920w\" sizes=\"(max-width: 1024px) 100vw, 1024px\" \/><\/figure><\/li><li class=\"blocks-gallery-item\"><figure><img loading=\"lazy\" width=\"1024\" height=\"574\" src=\"https:\/\/imiguelortiz.com\/wp-content\/uploads\/2021\/05\/LBdP_STILL6-1024x574.jpg\" alt=\"\" data-id=\"143\" data-full-url=\"https:\/\/imiguelortiz.com\/wp-content\/uploads\/2021\/05\/LBdP_STILL6.jpg\" data-link=\"https:\/\/imiguelortiz.com\/lbdp_still6\/\" class=\"wp-image-143\" srcset=\"https:\/\/imiguelortiz.com\/wp-content\/uploads\/2021\/05\/LBdP_STILL6-1024x574.jpg 1024w, https:\/\/imiguelortiz.com\/wp-content\/uploads\/2021\/05\/LBdP_STILL6-300x168.jpg 300w, https:\/\/imiguelortiz.com\/wp-content\/uploads\/2021\/05\/LBdP_STILL6-768x431.jpg 768w, https:\/\/imiguelortiz.com\/wp-content\/uploads\/2021\/05\/LBdP_STILL6-1536x862.jpg 1536w, https:\/\/imiguelortiz.com\/wp-content\/uploads\/2021\/05\/LBdP_STILL6.jpg 1911w\" sizes=\"(max-width: 1024px) 100vw, 1024px\" \/><\/figure><\/li><li class=\"blocks-gallery-item\"><figure><img loading=\"lazy\" width=\"1024\" height=\"577\" src=\"https:\/\/imiguelortiz.com\/wp-content\/uploads\/2021\/05\/LBdP_STILL4-1024x577.jpg\" alt=\"\" data-id=\"142\" data-full-url=\"https:\/\/imiguelortiz.com\/wp-content\/uploads\/2021\/05\/LBdP_STILL4.jpg\" data-link=\"https:\/\/imiguelortiz.com\/lbdp_still4\/\" class=\"wp-image-142\" srcset=\"https:\/\/imiguelortiz.com\/wp-content\/uploads\/2021\/05\/LBdP_STILL4-1024x577.jpg 1024w, https:\/\/imiguelortiz.com\/wp-content\/uploads\/2021\/05\/LBdP_STILL4-300x169.jpg 300w, https:\/\/imiguelortiz.com\/wp-content\/uploads\/2021\/05\/LBdP_STILL4-768x432.jpg 768w, https:\/\/imiguelortiz.com\/wp-content\/uploads\/2021\/05\/LBdP_STILL4-1536x865.jpg 1536w, https:\/\/imiguelortiz.com\/wp-content\/uploads\/2021\/05\/LBdP_STILL4.jpg 1918w\" sizes=\"(max-width: 1024px) 100vw, 1024px\" \/><\/figure><\/li><li class=\"blocks-gallery-item\"><figure><img loading=\"lazy\" width=\"1024\" height=\"574\" src=\"https:\/\/imiguelortiz.com\/wp-content\/uploads\/2021\/05\/LBdP_STILL5-1024x574.jpg\" alt=\"\" data-id=\"141\" data-full-url=\"https:\/\/imiguelortiz.com\/wp-content\/uploads\/2021\/05\/LBdP_STILL5.jpg\" data-link=\"https:\/\/imiguelortiz.com\/lbdp_still5\/\" class=\"wp-image-141\" srcset=\"https:\/\/imiguelortiz.com\/wp-content\/uploads\/2021\/05\/LBdP_STILL5-1024x574.jpg 1024w, https:\/\/imiguelortiz.com\/wp-content\/uploads\/2021\/05\/LBdP_STILL5-300x168.jpg 300w, https:\/\/imiguelortiz.com\/wp-content\/uploads\/2021\/05\/LBdP_STILL5-768x430.jpg 768w, https:\/\/imiguelortiz.com\/wp-content\/uploads\/2021\/05\/LBdP_STILL5-1536x860.jpg 1536w, https:\/\/imiguelortiz.com\/wp-content\/uploads\/2021\/05\/LBdP_STILL5.jpg 1914w\" sizes=\"(max-width: 1024px) 100vw, 1024px\" \/><\/figure><\/li><li class=\"blocks-gallery-item\"><figure><img loading=\"lazy\" width=\"1024\" height=\"578\" src=\"https:\/\/imiguelortiz.com\/wp-content\/uploads\/2021\/05\/LBdP_STILL7-1024x578.jpg\" alt=\"\" data-id=\"140\" data-full-url=\"https:\/\/imiguelortiz.com\/wp-content\/uploads\/2021\/05\/LBdP_STILL7.jpg\" data-link=\"https:\/\/imiguelortiz.com\/lbdp_still7\/\" class=\"wp-image-140\" srcset=\"https:\/\/imiguelortiz.com\/wp-content\/uploads\/2021\/05\/LBdP_STILL7-1024x578.jpg 1024w, https:\/\/imiguelortiz.com\/wp-content\/uploads\/2021\/05\/LBdP_STILL7-300x169.jpg 300w, https:\/\/imiguelortiz.com\/wp-content\/uploads\/2021\/05\/LBdP_STILL7-768x433.jpg 768w, https:\/\/imiguelortiz.com\/wp-content\/uploads\/2021\/05\/LBdP_STILL7-1536x867.jpg 1536w, https:\/\/imiguelortiz.com\/wp-content\/uploads\/2021\/05\/LBdP_STILL7.jpg 1914w\" sizes=\"(max-width: 1024px) 100vw, 1024px\" \/><\/figure><\/li><li class=\"blocks-gallery-item\"><figure><img loading=\"lazy\" width=\"1024\" height=\"578\" src=\"https:\/\/imiguelortiz.com\/wp-content\/uploads\/2021\/05\/LBdP_STILL8-1024x578.jpg\" alt=\"\" data-id=\"139\" data-full-url=\"https:\/\/imiguelortiz.com\/wp-content\/uploads\/2021\/05\/LBdP_STILL8.jpg\" data-link=\"https:\/\/imiguelortiz.com\/lbdp_still8\/\" class=\"wp-image-139\" srcset=\"https:\/\/imiguelortiz.com\/wp-content\/uploads\/2021\/05\/LBdP_STILL8-1024x578.jpg 1024w, https:\/\/imiguelortiz.com\/wp-content\/uploads\/2021\/05\/LBdP_STILL8-300x169.jpg 300w, https:\/\/imiguelortiz.com\/wp-content\/uploads\/2021\/05\/LBdP_STILL8-768x433.jpg 768w, https:\/\/imiguelortiz.com\/wp-content\/uploads\/2021\/05\/LBdP_STILL8-1536x866.jpg 1536w, https:\/\/imiguelortiz.com\/wp-content\/uploads\/2021\/05\/LBdP_STILL8.jpg 1915w\" sizes=\"(max-width: 1024px) 100vw, 1024px\" \/><\/figure><\/li><li class=\"blocks-gallery-item\"><figure><img loading=\"lazy\" width=\"1024\" height=\"577\" src=\"https:\/\/imiguelortiz.com\/wp-content\/uploads\/2021\/05\/LBdP_STILL9-1024x577.jpg\" alt=\"\" data-id=\"138\" data-full-url=\"https:\/\/imiguelortiz.com\/wp-content\/uploads\/2021\/05\/LBdP_STILL9.jpg\" data-link=\"https:\/\/imiguelortiz.com\/lbdp_still9\/\" class=\"wp-image-138\" srcset=\"https:\/\/imiguelortiz.com\/wp-content\/uploads\/2021\/05\/LBdP_STILL9-1024x577.jpg 1024w, https:\/\/imiguelortiz.com\/wp-content\/uploads\/2021\/05\/LBdP_STILL9-300x169.jpg 300w, https:\/\/imiguelortiz.com\/wp-content\/uploads\/2021\/05\/LBdP_STILL9-768x432.jpg 768w, https:\/\/imiguelortiz.com\/wp-content\/uploads\/2021\/05\/LBdP_STILL9-1536x865.jpg 1536w, https:\/\/imiguelortiz.com\/wp-content\/uploads\/2021\/05\/LBdP_STILL9.jpg 1918w\" sizes=\"(max-width: 1024px) 100vw, 1024px\" \/><\/figure><\/li><\/ul><figcaption class=\"blocks-gallery-caption\"><em>La biblioteca de Pap\u00e1<\/em><br><strong>Director of Photography<\/strong><br>Director: Marl\u00e9n R\u00edos Farjat<br><em>Producer company: Centro de Capacitaci\u00f3n Cinematogr\u00e1fica<\/em><br><em><span class=\"has-inline-color has-yellow-color\">WORK IN PROGRESS<\/span><\/em><\/figcaption><\/figure>\n\n\n\n<p><\/p>\n","protected":false},"excerpt":{"rendered":"<p>The Struggle Continues The Beginning of life 2: Outside Cambujo Lacus With help of Heaven<\/p>\n","protected":false},"author":1,"featured_media":0,"parent":0,"menu_order":0,"comment_status":"closed","ping_status":"closed","template":"","meta":[],"_links":{"self":[{"href":"https:\/\/imiguelortiz.com\/index.php\/wp-json\/wp\/v2\/pages\/28"}],"collection":[{"href":"https:\/\/imiguelortiz.com\/index.php\/wp-json\/wp\/v2\/pages"}],"about":[{"href":"https:\/\/imiguelortiz.com\/index.php\/wp-json\/wp\/v2\/types\/page"}],"author":[{"embeddable":true,"href":"https:\/\/imiguelortiz.com\/index.php\/wp-json\/wp\/v2\/users\/1"}],"replies":[{"embeddable":true,"href":"https:\/\/imiguelortiz.com\/index.php\/wp-json\/wp\/v2\/comments?post=28"}],"version-history":[{"count":29,"href":"https:\/\/imiguelortiz.com\/index.php\/wp-json\/wp\/v2\/pages\/28\/revisions"}],"predecessor-version":[{"id":395,"href":"https:\/\/imiguelortiz.com\/index.php\/wp-json\/wp\/v2\/pages\/28\/revisions\/395"}],"wp:attachment":[{"href":"https:\/\/imiguelortiz.com\/index.php\/wp-json\/wp\/v2\/media?parent=28"}],"curies":[{"name":"wp","href":"https:\/\/api.w.org\/{rel}","templated":true}]}}